{"id":1274,"date":"2024-06-04T20:15:38","date_gmt":"2024-06-04T20:15:38","guid":{"rendered":"https:\/\/www.nv-sesselacker.ch\/?post_type=product&#038;p=1274"},"modified":"2025-04-09T08:04:17","modified_gmt":"2025-04-09T08:04:17","slug":"schwimmhalleneintritt_flex","status":"publish","type":"product","link":"https:\/\/www.nv-sesselacker.ch\/en\/produkt\/schwimmhalleneintritt_flex\/","title":{"rendered":"Eintritt Schwimmhalle"},"content":{"rendered":"<h1 class=\"text-2xl font-bold mt-1 text-text-200\">Buchungen \/ R\u00e9servations \/ Bookings<\/h1>\n<h2 class=\"text-xl font-bold text-text-200 mt-1 -mb-0.5\">Deutsch<\/h2>\n<h3 class=\"text-lg font-bold text-text-200 mt-1 -mb-1.5\">Buchungshinweise<\/h3>\n<ul class=\"[&amp;:not(:last-child)_ul]:pb-1 [&amp;:not(:last-child)_ol]:pb-1 list-disc space-y-1.5 pl-7\">\n<li class=\"whitespace-normal break-words\"><strong>Eintr\u00e4ge beachten:<\/strong> Die NVS-Zeiten, die eine brevetierte Person freigeschaltet hat, kannst Du buchen.<\/li>\n<li class=\"whitespace-normal break-words\"><strong>Nutzungsart pr\u00fcfen:<\/strong> Achte darauf, ob die Schwimmstunde f\u00fcr Bahnenschwimmer oder f\u00fcr Familien zum Plantschen reserviert wurde.<\/li>\n<\/ul>\n<h3 class=\"text-lg font-bold text-text-200 mt-1 -mb-1.5\">Preise und Buchung<\/h3>\n<ul class=\"[&amp;:not(:last-child)_ul]:pb-1 [&amp;:not(:last-child)_ol]:pb-1 list-disc space-y-1.5 pl-7\">\n<li class=\"whitespace-normal break-words\"><strong>Aktueller Preis:<\/strong> 5,50 CHF pro Eintritt pro Person oder Familie. Bitte beachten, dass pro Schwimmzeit mindestens zwei Buchungen erfolgen, damit ein Gesamtpreis von 11,- CHF f\u00fcr die Hallennutzung erreicht wird. F\u00fcr eine individuelle Nutzung der Halle sollten drei Eintritte als maximale Grenze fixiert und drei Eintritte erworben werden.<\/li>\n<\/ul>\n<h3 class=\"text-lg font-bold text-text-200 mt-1 -mb-1.5\">Kalendersynchronisation<\/h3>\n<p class=\"whitespace-pre-wrap break-words\">Als Versuch stellen wir hier einen synchronisierten Kalendereintrag zur Verf\u00fcgung. Wer m\u00f6chte, kann folgenden Link in die Agenda auf dem Handy importieren und erh\u00e4lt so immer eine Benachrichtigung vor Beginn einer freigegebenen Stunde. <span style=\"color: #ff0000;\"><strong>Achtung<\/strong> <\/span>&#8211; nicht diesen <a href=\"https:\/\/www.nv-sesselacker.ch\/?action=bookacti_export_form_events&amp;filename=booking-activities-events-form-11&amp;form_id=11&amp;key=f45b9cb8563c48a47f4934f9ce6f5bc0&amp;past_events=auto&amp;locale=de\">Link<\/a> \u00f6ffnen und importieren, sondern diesen <strong>Link kopieren<\/strong> und in der Agenda als neues Abonnement einf\u00fcgen.<\/p>\n<hr \/>\n<h2 class=\"text-xl font-bold text-text-200 mt-1 -mb-0.5\">Fran\u00e7ais<\/h2>\n<h3 class=\"text-lg font-bold text-text-200 mt-1 -mb-1.5\">Conseils de r\u00e9servation pour les heures flexibles<\/h3>\n<ul class=\"[&amp;:not(:last-child)_ul]:pb-1 [&amp;:not(:last-child)_ol]:pb-1 list-disc space-y-1.5 pl-7\">\n<li><b>Prendre en compte les inscriptions :<\/b> tu peux r\u00e9server les cr\u00e9neaux horaires NVS qu&#8217;une personne brevet\u00e9e a d\u00e9bloqu\u00e9s.<\/li>\n<li><b>V\u00e9rifier le type d&#8217;utilisation :<\/b> v\u00e9rifie si le cr\u00e9neau de natation a \u00e9t\u00e9 r\u00e9serv\u00e9 pour des nageurs de comp\u00e9tition ou pour des familles qui veulent barboter.<\/li>\n<\/ul>\n<h3 class=\"text-lg font-bold text-text-200 mt-1 -mb-1.5\">Prix et r\u00e9servation<\/h3>\n<ul>\n<li><b>Prix actuel :<\/b> 5,50 CHF par entr\u00e9e et par personne ou par famille. Veuillez noter qu&#8217;il faut au moins deux r\u00e9servations par p\u00e9riode de baignade pour atteindre un prix total de 11 CHF pour l&#8217;utilisation de la piscine. Pour une utilisation individuelle de la piscine, la limite maximale est fix\u00e9e \u00e0 trois entr\u00e9es et il faut donc acheter trois entr\u00e9es.<\/li>\n<\/ul>\n<h3 class=\"text-lg font-bold text-text-200 mt-1 -mb-1.5\">Synchronisation du calendrier<\/h3>\n<p>Nous proposons ici \u00e0 titre d&#8217;essai une entr\u00e9e de calendrier synchronis\u00e9e. Si vous le souhaitez, vous pouvez importer le lien suivant dans l&#8217;agenda de votre t\u00e9l\u00e9phone portable et recevoir ainsi une notification avant le d\u00e9but d&#8217;un cours partag\u00e9. <span style=\"color: #ff0000;\"><b>Attention<\/b> <\/span>: n&#8217;ouvrez pas et n&#8217;importez pas ce <a href=\"https:\/\/www.nv-sesselacker.ch\/?action=bookacti_export_form_events&amp;filename=booking-activities-events-form-11&amp;form_id=11&amp;key=f45b9cb8563c48a47f4934f9ce6f5bc0&amp;past_events=auto&amp;locale=de\">lien<\/a>. <strong>Copiez<\/strong> plut\u00f4t ce lien et ajoutez-le \u00e0 l&#8217;agenda en tant que nouvel abonnement.<\/p>\n<hr \/>\n<h2 class=\"text-xl font-bold text-text-200 mt-1 -mb-0.5\">English<\/h2>\n<h3 class=\"text-lg font-bold text-text-200 mt-1 -mb-1.5\">Booking Information for Flexible Times<\/h3>\n<ul>\n<li><strong>Note the times:<\/strong> You can book the NVS times that a certified person has activated.<\/li>\n<li><strong>Check the type of use:<\/strong> Note whether the swimming session has been reserved for lane swimmers or for families to splash around.<\/li>\n<\/ul>\n<h3 class=\"text-lg font-bold text-text-200 mt-1 -mb-1.5\">Prices and Booking<\/h3>\n<ul>\n<li><b>Current price:<\/b> CHF 5.50 per admission per person or family. Please note that at least two bookings must be made per swimming session in order to reach a total price of CHF 11 for the use of the pool. For individual use of the pool, three admissions should be set as the maximum limit and three admissions purchased.<\/li>\n<\/ul>\n<h3 class=\"text-lg font-bold text-text-200 mt-1 -mb-1.5\">Calendar Synchronization<\/h3>\n<p class=\"text-lg font-bold text-text-200 mt-1 -mb-1.5\"><span style=\"font-size: 16px;\">As an experiment, we are providing a synchronised calendar entry here. If you wish, you can import the following link into the agenda on your mobile phone and thus always receive a notification before the start of an approved lesson. <\/span><b><span style=\"color: #ff0000;\">Attention<\/span> <\/b>do not open and import this <a href=\"https:\/\/www.nv-sesselacker.ch\/?action=bookacti_export_form_events&amp;filename=booking-activities-events-form-11&amp;form_id=11&amp;key=f45b9cb8563c48a47f4934f9ce6f5bc0&amp;past_events=auto&amp;locale=de\">link<\/a> directly, but\u00a0<b>copy this link <\/b>and insert it into the agenda as a new subscription.<\/p>\n<p class=\"whitespace-pre-wrap break-words\">\n","protected":false},"excerpt":{"rendered":"<p>Description English below<\/p>\n<p>Description en Fran\u00e7ais en bas<\/p>\n<p>Hier kann man ein Ticket f\u00fcr die Hallenmiete erwerben<\/p>\n","protected":false},"featured_media":1354,"template":"","meta":[],"product_brand":[],"product_cat":[49],"product_tag":[63,64],"class_list":{"0":"post-1274","1":"product","2":"type-product","3":"status-publish","4":"has-post-thumbnail","6":"product_cat-schwimmhalle","7":"product_tag-flexibel","8":"product_tag-ticket","9":"bookacti-activity","11":"first","12":"instock","13":"virtual","14":"purchasable","15":"product-type-simple"},"translation":{"provider":"WPGlobus","version":"3.0.2","language":"en","enabled_languages":["de","en","fr"],"languages":{"de":{"title":true,"content":true,"excerpt":true},"en":{"title":false,"content":false,"excerpt":false},"fr":{"title":false,"content":false,"excerpt":false}}},"_links":{"self":[{"href":"https:\/\/www.nv-sesselacker.ch\/en\/wp-json\/wp\/v2\/product\/1274","targetHints":{"allow":["GET"]}}],"collection":[{"href":"https:\/\/www.nv-sesselacker.ch\/en\/wp-json\/wp\/v2\/product"}],"about":[{"href":"https:\/\/www.nv-sesselacker.ch\/en\/wp-json\/wp\/v2\/types\/product"}],"wp:featuredmedia":[{"embeddable":true,"href":"https:\/\/www.nv-sesselacker.ch\/en\/wp-json\/wp\/v2\/media\/1354"}],"wp:attachment":[{"href":"https:\/\/www.nv-sesselacker.ch\/en\/wp-json\/wp\/v2\/media?parent=1274"}],"wp:term":[{"taxonomy":"product_brand","embeddable":true,"href":"https:\/\/www.nv-sesselacker.ch\/en\/wp-json\/wp\/v2\/product_brand?post=1274"},{"taxonomy":"product_cat","embeddable":true,"href":"https:\/\/www.nv-sesselacker.ch\/en\/wp-json\/wp\/v2\/product_cat?post=1274"},{"taxonomy":"product_tag","embeddable":true,"href":"https:\/\/www.nv-sesselacker.ch\/en\/wp-json\/wp\/v2\/product_tag?post=1274"}],"curies":[{"name":"wp","href":"https:\/\/api.w.org\/{rel}","templated":true}]}}