{"id":1331,"date":"2024-06-22T14:52:17","date_gmt":"2024-06-22T14:52:17","guid":{"rendered":"https:\/\/www.nv-sesselacker.ch\/?page_id=1331"},"modified":"2024-06-22T15:07:38","modified_gmt":"2024-06-22T15:07:38","slug":"agenda-read-only","status":"publish","type":"page","link":"https:\/\/www.nv-sesselacker.ch\/fr\/schwimmbad-reservieren\/agenda-read-only\/","title":{"rendered":"Agenda (read only)"},"content":{"rendered":"<p>L&#8217;agenda actuel et complet peut \u00eatre consult\u00e9 ici par tout le monde, mais seuls les utilisateurs enregistr\u00e9s et connect\u00e9s peuvent r\u00e9server. D\u00e8s que tu seras connect\u00e9, d&#8217;autres onglets appara\u00eetront avec des agendas \u00e0 r\u00e9server.<\/p>\n<p>l\u2019agenda ci-dessous est pour regarder :<\/p>\n\t\t<div id=\"bookacti-form-8-1700176678\" class=\"bookacti-form-fields bookacti-booking-form-8 \" autocomplete=\"off\" >\n\t\t\t\t<input type='hidden' name='form_id' value='8'\/>\n\t\t\t<input type='hidden' name='action' value='bookactiSubmitBookingForm'\/>\n\t\t\t<div class='bookacti-form-field-container bookacti-form-field-name-calendar bookacti-form-field-type-calendar bookacti-form-field-id-34' id='bookacti-form-field-calendar-34-form-8-1700176678' data-field-name=\"calendar\" data-field-type=\"calendar\" data-field-id=\"34\">\n\t\t\t<div class='bookacti-form-field-content' >\n\t\t\n\t<div class='bookacti-booking-system-container' id='bookacti-booking-system-form-8-1700176678-container'>\n\t\t<script>\n\t\t\t\/\/ Compatibility with Optimization plugins\n\t\t\tif( typeof bookacti === 'undefined' ) { var bookacti = { booking_system:[] }; }\n\t\t\tbookacti.booking_system[ 'bookacti-booking-system-form-8-1700176678' ] = {\"events\":[],\"events_data\":[],\"events_interval\":{\"start\":\"2026-05-04 19:05:00\",\"end\":\"2026-05-04 19:05:00\"},\"events_min_interval\":[],\"bookings\":[],\"groups_bookings\":[],\"booking_lists\":[],\"activities_data\":[],\"groups_events\":[],\"groups_data\":[],\"group_categories_data\":[],\"no_events\":0,\"id\":\"bookacti-booking-system-form-8-1700176678\",\"class\":\"\",\"hide_availability\":100,\"hide_calendar\":[\"none\"],\"calendars\":[1],\"activities\":[4,12,9,11,8,6,7],\"group_categories\":[\"none\"],\"groups_only\":0,\"groups_single_events\":0,\"groups_first_event_only\":0,\"multiple_bookings\":0,\"bookings_only\":0,\"tooltip_booking_list\":0,\"tooltip_booking_list_columns\":[],\"status\":[],\"user_id\":[],\"method\":\"calendar\",\"auto_load\":0,\"display_period\":{\"start_first\":\"2026-05-04 19:05:00\",\"start\":\"2026-05-04 19:05:00\",\"end\":\"\",\"end_last\":\"\"},\"availability_period\":{\"start\":\"2026-05-04 19:05:00\",\"end\":\"\"},\"start\":\"2026-05-04 19:05:00\",\"end\":\"\",\"trim\":0,\"out_of_period_events\":0,\"past_events\":1,\"past_events_bookable\":0,\"use_global_days_off\":0,\"days_off\":[{\"from\":\"2026-06-27\",\"to\":\"2026-08-09\"},{\"from\":\"2025-06-28\",\"to\":\"2025-08-08\"}],\"check_roles\":1,\"picked_events\":[],\"form_id\":8,\"form_action\":\"default\",\"when_perform_form_action\":\"on_submit\",\"select_first_event\":0,\"redirect_url_by_activity\":[],\"redirect_url_by_group_category\":[],\"display_data\":{\"slotMinTime\":\"05:00\",\"slotMaxTime\":\"23:00\"},\"context\":\"\",\"custom_dataset\":\"\",\"product_by_activity\":[],\"product_by_group_category\":[],\"products_page_url\":[]};\n\t\t<\/script>\n\t\t\t\t\n\t\t<div class='bookacti-booking-system-inputs'>\n\t\t\t\t\t<\/div>\n\t\t\n\t\t\t\t\n\t\t<div id='bookacti-booking-system-form-8-1700176678' class='bookacti-booking-system '>\n\t\t\t\t\t<div class='bookacti-calendar-title bookacti-booking-system-title '>\n\t\t\tW\u00e4hle den Event, klicke auf \u201ebuchen\u201c. Chose an Event, click on \u201ebook\u201c. Choisis ton \u00e9v\u00e9nement, appuie sur \u00ab\u00a0book\u00a0\u00bb\t\t<\/div>\n\t\t<div class='bookacti-calendar '><\/div>\n\t\t\t<\/div>\n\t\t\n\t\t\t\t\n\t\t<div class='bookacti-picked-events' style='display:none;'>\n\t\t\t<div class='bookacti-picked-events-list-title'><\/div>\n\t\t\t<ul class='bookacti-picked-events-list bookacti-custom-scrollbar'>\n\t\t\t\t\t\t\t<\/ul>\n\t\t<\/div>\n\t\t\n\t\t<div class='bookacti-notices' style='display:none;'>\n\t\t\t\t\t<\/div>\n\t\t\n\t\t<div class='bookacti-tooltips-container'>\n\t\t\t\t\t<\/div>\n\t\t\n\t\t\t<\/div>\n\t<div id='bookacti-booking-system-form-8-1700176678-dialogs' class='bookacti-booking-system-dialogs'>\n\t\t\t<!-- Choose a group of events -->\n\t<div id='bookacti-booking-system-form-8-1700176678-choose-group-of-events-dialog' \n\t\t data-booking-system-id='bookacti-booking-system-form-8-1700176678' \n\t\t class='bookacti-backend-dialog bookacti-choose-group-of-events-dialog bookacti-booking-system-dialog' \n\t\t title='This event is available in several bundles' \n\t\t style='display:none;' >\n\t\tWhich group of events do you want to pick?\t\t<div id='bookacti-booking-system-form-8-1700176678-groups-of-events-list' class='bookacti-groups-of-events-list' ><\/div>\n\t<\/div>\n\n\t\t<\/div>\n\t\t\t<\/div>\n\t<\/div>\n\t<div class='bookacti-form-field-container bookacti-form-field-name-quantity bookacti-form-field-type-quantity  bookacti-hidden-field' id='bookacti-compulsory-quantity-field' data-field-name=\"quantity\" data-field-type=\"quantity\">\n\t\t\t<div class='bookacti-form-field-label' >\n\t\t\t<label>\n\t\t\tQuantity<span class=\"bookacti-required-field-indicator\" title=\"Required field\"><\/span>\t\t\t<\/label>\n\t\t\t\t<\/div>\n\t\t\t<div class='bookacti-form-field-content' >\n\t\t\t\t<input type='number' \r\n\t\t\t\tname='quantity' \r\n\t\t\t\tvalue='1' \r\n\t\t\t\tautocomplete='off'\r\n\t\t\t\tid='37a923e38b9bc299322f50c41ca517f2' \r\n\t\t\t\tclass='bookacti-input bookacti-form-field bookacti-quantity' \r\n\t\t\t\t\t\t\tplaceholder='' \r\n\t\t\t\t\t\t\tmin='1' \r\n\t\t\t\tmax=''\r\n\t\t\t\tstep=''\r\n\t\t\t\t\t\/>\r\n\t\t\t<\/div>\n\t<\/div>\n\t\t\t<div class='bookacti-notices' style='display:none;'><\/div>\n\t\t\t<\/div>\n\t\n<p>Ici se trouve le bouton &#8220;R\u00e9server&#8221;. Mais tu es sur l&#8217;agenda public &#8220;Read only&#8221;, tu ne peux pas r\u00e9server ici. Connecte-toi et va sur l&#8217;onglet \u00ab billet heure fixe \u00bb, \u00ab billet heure flexible \u00bb ou \u00ab billet heure exclusive \u00bb pour r\u00e9server.<\/p>\n","protected":false},"excerpt":{"rendered":"<p>L&#8217;agenda actuel et complet peut \u00eatre consult\u00e9 ici par tout le monde, mais seuls les utilisateurs enregistr\u00e9s et connect\u00e9s peuvent r\u00e9server. D\u00e8s que tu seras connect\u00e9, d&#8217;autres onglets appara\u00eetront avec des agendas \u00e0 r\u00e9server. l\u2019agenda ci-dessous est pour regarder : Ici se trouve le bouton &#8220;R\u00e9server&#8221;. Mais tu es sur l&#8217;agenda public &#8220;Read only&#8221;, tu [&hellip;]<\/p>\n","protected":false},"author":1,"featured_media":0,"parent":685,"menu_order":0,"comment_status":"closed","ping_status":"closed","template":"","meta":{"footnotes":""},"class_list":["post-1331","page","type-page","status-publish","hentry"],"translation":{"provider":"WPGlobus","version":"3.0.2","language":"fr","enabled_languages":["de","en","fr"],"languages":{"de":{"title":true,"content":true,"excerpt":false},"en":{"title":false,"content":true,"excerpt":false},"fr":{"title":false,"content":true,"excerpt":false}}},"_links":{"self":[{"href":"https:\/\/www.nv-sesselacker.ch\/fr\/wp-json\/wp\/v2\/pages\/1331","targetHints":{"allow":["GET"]}}],"collection":[{"href":"https:\/\/www.nv-sesselacker.ch\/fr\/wp-json\/wp\/v2\/pages"}],"about":[{"href":"https:\/\/www.nv-sesselacker.ch\/fr\/wp-json\/wp\/v2\/types\/page"}],"author":[{"embeddable":true,"href":"https:\/\/www.nv-sesselacker.ch\/fr\/wp-json\/wp\/v2\/users\/1"}],"replies":[{"embeddable":true,"href":"https:\/\/www.nv-sesselacker.ch\/fr\/wp-json\/wp\/v2\/comments?post=1331"}],"version-history":[{"count":0,"href":"https:\/\/www.nv-sesselacker.ch\/fr\/wp-json\/wp\/v2\/pages\/1331\/revisions"}],"up":[{"embeddable":true,"href":"https:\/\/www.nv-sesselacker.ch\/fr\/wp-json\/wp\/v2\/pages\/685"}],"wp:attachment":[{"href":"https:\/\/www.nv-sesselacker.ch\/fr\/wp-json\/wp\/v2\/media?parent=1331"}],"curies":[{"name":"wp","href":"https:\/\/api.w.org\/{rel}","templated":true}]}}