{"id":6,"date":"2021-06-27T18:31:52","date_gmt":"2021-06-27T18:31:52","guid":{"rendered":"http:\/\/www.nv-sesselacker.ch\/?page_id=6"},"modified":"2025-03-08T08:14:49","modified_gmt":"2025-03-08T08:14:49","slug":"create-your-website-with-blocks","status":"publish","type":"page","link":"https:\/\/www.nv-sesselacker.ch\/fr\/","title":{"rendered":"Association de Voisinage Sesselacker"},"content":{"rendered":"<h1 class=\"text-2xl font-bold mt-1 text-text-200\">Association de Voisinage Sesselacker<\/h1>\r\n<h2 class=\"text-xl font-bold text-text-200 mt-1 -mb-0.5\">Bienvenue dans notre Association de Voisinage<\/h2>\r\n<h3 class=\"text-lg font-bold text-text-200 mt-1 -mb-1.5\">L&#8217;Association<\/h3>\r\n<p class=\"whitespace-pre-wrap break-words\">L&#8217;Association de Voisinage Sesselacker a \u00e9t\u00e9 fond\u00e9e en 2021 dans le but de repr\u00e9senter les int\u00e9r\u00eats de tous les r\u00e9sidents du lotissement Sesselacker et de fa\u00e7onner ensemble notre quartier. Nous souhaitons renforcer la communaut\u00e9 et promouvoir un voisinage actif qui s&#8217;engage pour les pr\u00e9occupations de notre cadre de vie.<\/p>\r\n<h2 class=\"text-xl font-bold text-text-200 mt-1 -mb-0.5\">Nos Domaines d&#8217;Action<\/h2>\r\n<h3 class=\"text-lg font-bold text-text-200 mt-1 -mb-1.5\">La Piscine Couverte<\/h3>\r\n<p class=\"whitespace-pre-wrap break-words\">Une r\u00e9ussite particuli\u00e8re de notre association : gr\u00e2ce \u00e0 l&#8217;engagement de la NVS, nos membres peuvent \u00e0 nouveau utiliser la piscine couverte locale de Sesselacker. Tous les d\u00e9tails concernant les installations de natation se trouvent sous la rubrique &#8220;Piscine&#8221;.<\/p>\r\n<div class=\"wp-block-column is-vertically-aligned-top\">\r\n<p><!-- \/wp:post-content --><\/p>\r\n<p><!-- wp:image {\"id\":129,\"sizeSlug\":\"large\",\"linkDestination\":\"none\"} --><\/p>\r\n<figure class=\"wp-block-image size-large\"><img loading=\"lazy\" decoding=\"async\" class=\"wp-image-129\" src=\"https:\/\/www.nv-sesselacker.ch\/wp-content\/uploads\/2021\/06\/Schwimmhalle.jpg\" alt=\"Foto Schwimmhalle\" width=\"400\" height=\"300\" srcset=\"https:\/\/www.nv-sesselacker.ch\/wp-content\/uploads\/2021\/06\/Schwimmhalle.jpg 640w, https:\/\/www.nv-sesselacker.ch\/wp-content\/uploads\/2021\/06\/Schwimmhalle-600x450.jpg 600w, https:\/\/www.nv-sesselacker.ch\/wp-content\/uploads\/2021\/06\/Schwimmhalle-300x225.jpg 300w\" sizes=\"auto, (max-width: 400px) 100vw, 400px\" \/><\/figure>\r\n<p><!-- \/wp:image --><\/p>\r\n<\/div>\r\n<p><!-- \/wp:column --><\/p>\r\n<p><!-- wp:column {\"verticalAlignment\":\"top\"} --><\/p>\r\n<div class=\"wp-block-column is-vertically-aligned-top\">\r\n<p class=\"whitespace-pre-wrap break-words\">\u00a0<\/p>\r\n<h3 class=\"text-lg font-bold text-text-200 mt-1 -mb-1.5\">Espaces Verts et Aires de Jeux<\/h3>\r\n<p class=\"whitespace-pre-wrap break-words\">Actuellement, nos activit\u00e9s tournent principalement autour de l&#8217;utilisation de la piscine. Cependant, l&#8217;association a \u00e9t\u00e9 d\u00e9lib\u00e9r\u00e9ment fond\u00e9e en tant qu&#8217;association de voisinage. Ensemble, nous aimerions participer activement \u00e0 l&#8217;am\u00e9nagement de nos espaces verts et aires de jeux. Avez-vous des id\u00e9es ou des souhaits sur la fa\u00e7on dont nous pouvons rendre nos espaces ext\u00e9rieurs encore plus attrayants et conviviaux ? Nous accueillons volontiers vos suggestions et votre participation !<\/p>\r\n<figure class=\"wp-block-image size-large\"><img loading=\"lazy\" decoding=\"async\" class=\"wp-image-128\" src=\"https:\/\/www.nv-sesselacker.ch\/wp-content\/uploads\/2021\/06\/Spielpatz.jpg\" alt=\"Foto Spielplatz\" width=\"400\" height=\"300\" srcset=\"https:\/\/www.nv-sesselacker.ch\/wp-content\/uploads\/2021\/06\/Spielpatz.jpg 640w, https:\/\/www.nv-sesselacker.ch\/wp-content\/uploads\/2021\/06\/Spielpatz-600x450.jpg 600w, https:\/\/www.nv-sesselacker.ch\/wp-content\/uploads\/2021\/06\/Spielpatz-300x225.jpg 300w\" sizes=\"auto, (max-width: 400px) 100vw, 400px\" \/><\/figure>\r\n<\/div>\r\n<p class=\"whitespace-pre-wrap break-words\">\u00a0<\/p>\r\n<h3 class=\"text-lg font-bold text-text-200 mt-1 -mb-1.5\">Situation du Trafic<\/h3>\r\n<p class=\"whitespace-pre-wrap break-words\">La gestion de la circulation dans notre quartier nous concerne tous. L&#8217;association pourrait certainement \u00e9galement plaider en faveur de mesures telles que l&#8217;apaisement de la circulation ou, plus g\u00e9n\u00e9ralement, pour un am\u00e9nagement respectueux du quartier. Votre opinion sur ce sujet est pr\u00e9cieuse \u2013 impliquez-vous !<\/p>\r\n<figure class=\"wp-block-image size-large\"><img loading=\"lazy\" decoding=\"async\" class=\"wp-image-142\" src=\"https:\/\/www.nv-sesselacker.ch\/wp-content\/uploads\/2021\/06\/FE1C47FA-7464-4F9A-88C4-3ACF7B175F8E-1024x768.jpeg\" alt=\"Foto Strassenschild Zone 30\" width=\"400\" height=\"299\" srcset=\"https:\/\/www.nv-sesselacker.ch\/wp-content\/uploads\/2021\/06\/FE1C47FA-7464-4F9A-88C4-3ACF7B175F8E-1024x768.jpeg 1024w, https:\/\/www.nv-sesselacker.ch\/wp-content\/uploads\/2021\/06\/FE1C47FA-7464-4F9A-88C4-3ACF7B175F8E-scaled-600x450.jpeg 600w, https:\/\/www.nv-sesselacker.ch\/wp-content\/uploads\/2021\/06\/FE1C47FA-7464-4F9A-88C4-3ACF7B175F8E-300x225.jpeg 300w, https:\/\/www.nv-sesselacker.ch\/wp-content\/uploads\/2021\/06\/FE1C47FA-7464-4F9A-88C4-3ACF7B175F8E-768x576.jpeg 768w, https:\/\/www.nv-sesselacker.ch\/wp-content\/uploads\/2021\/06\/FE1C47FA-7464-4F9A-88C4-3ACF7B175F8E-1536x1152.jpeg 1536w, https:\/\/www.nv-sesselacker.ch\/wp-content\/uploads\/2021\/06\/FE1C47FA-7464-4F9A-88C4-3ACF7B175F8E-2048x1536.jpeg 2048w\" sizes=\"auto, (max-width: 400px) 100vw, 400px\" \/><\/figure>\r\n<h2 class=\"text-xl font-bold text-text-200 mt-1 -mb-0.5\">Rejoignez-nous !<\/h2>\r\n<p class=\"whitespace-pre-wrap break-words\">Devenez membre de notre quartier actif et contribuez \u00e0 fa\u00e7onner votre cadre de vie. Ensemble, nous pouvons accomplir beaucoup !<\/p>\r\n<figure class=\"wp-block-image size-large\"><\/figure>","protected":false},"excerpt":{"rendered":"<p>Association de Voisinage Sesselacker Bienvenue dans notre Association de Voisinage L&#8217;Association L&#8217;Association de Voisinage Sesselacker a \u00e9t\u00e9 fond\u00e9e en 2021 dans le but de repr\u00e9senter les int\u00e9r\u00eats de tous les r\u00e9sidents du lotissement Sesselacker et de fa\u00e7onner ensemble notre quartier. Nous souhaitons renforcer la communaut\u00e9 et promouvoir un voisinage actif qui s&#8217;engage pour les pr\u00e9occupations [&hellip;]<\/p>\n","protected":false},"author":1,"featured_media":0,"parent":0,"menu_order":0,"comment_status":"closed","ping_status":"closed","template":"","meta":{"footnotes":""},"class_list":["post-6","page","type-page","status-publish","hentry"],"translation":{"provider":"WPGlobus","version":"3.0.2","language":"fr","enabled_languages":["de","en","fr"],"languages":{"de":{"title":true,"content":true,"excerpt":false},"en":{"title":true,"content":true,"excerpt":false},"fr":{"title":true,"content":true,"excerpt":false}}},"_links":{"self":[{"href":"https:\/\/www.nv-sesselacker.ch\/fr\/wp-json\/wp\/v2\/pages\/6","targetHints":{"allow":["GET"]}}],"collection":[{"href":"https:\/\/www.nv-sesselacker.ch\/fr\/wp-json\/wp\/v2\/pages"}],"about":[{"href":"https:\/\/www.nv-sesselacker.ch\/fr\/wp-json\/wp\/v2\/types\/page"}],"author":[{"embeddable":true,"href":"https:\/\/www.nv-sesselacker.ch\/fr\/wp-json\/wp\/v2\/users\/1"}],"replies":[{"embeddable":true,"href":"https:\/\/www.nv-sesselacker.ch\/fr\/wp-json\/wp\/v2\/comments?post=6"}],"version-history":[{"count":5,"href":"https:\/\/www.nv-sesselacker.ch\/fr\/wp-json\/wp\/v2\/pages\/6\/revisions"}],"predecessor-version":[{"id":2621,"href":"https:\/\/www.nv-sesselacker.ch\/fr\/wp-json\/wp\/v2\/pages\/6\/revisions\/2621"}],"wp:attachment":[{"href":"https:\/\/www.nv-sesselacker.ch\/fr\/wp-json\/wp\/v2\/media?parent=6"}],"curies":[{"name":"wp","href":"https:\/\/api.w.org\/{rel}","templated":true}]}}