{"id":8,"date":"2021-06-27T18:31:52","date_gmt":"2021-06-27T18:31:52","guid":{"rendered":"http:\/\/www.nv-sesselacker.ch\/?page_id=8"},"modified":"2025-04-01T13:10:00","modified_gmt":"2025-04-01T13:10:00","slug":"kontakt","status":"publish","type":"page","link":"https:\/\/www.nv-sesselacker.ch\/fr\/kontakt\/","title":{"rendered":"Adh\u00e9sion &#038; Contact"},"content":{"rendered":"<h2 class=\"text-xl font-bold text-text-200 mt-1 -mb-0.5\">Prise de Contact<\/h2>\n<p class=\"whitespace-pre-wrap break-words\">Pour toute question, suggestion ou demande d&#8217;adh\u00e9sion, vous pouvez nous joindre \u00e0:<\/p>\n<p class=\"whitespace-pre-wrap break-words\"><strong>Email: info(\u00e4t)nv-sesselacker.ch<\/strong><\/p>\n<h2 class=\"text-xl font-bold text-text-200 mt-1 -mb-0.5\">Demande d&#8217;Adh\u00e9sion<\/h2>\n<p class=\"whitespace-pre-wrap break-words\">Nous accueillons volontiers de nouveaux membres! Pour rejoindre l&#8217;Association de Voisinage Sesselacker, veuillez envoyer un email avec les informations suivantes \u00e0 l&#8217;adresse ci-dessus:<\/p>\n<ol class=\"[&amp;:not(:last-child)_ul]:pb-1 [&amp;:not(:last-child)_ol]:pb-1 list-decimal space-y-1.5 pl-7\">\n<li class=\"whitespace-normal break-words\">Nom complet et coordonn\u00e9es<\/li>\n<li class=\"whitespace-normal break-words\">Type d&#8217;adh\u00e9sion souhait\u00e9:\n<ul class=\"[&amp;:not(:last-child)_ul]:pb-1 [&amp;:not(:last-child)_ol]:pb-1 list-disc space-y-1.5 pl-7\">\n<li class=\"whitespace-normal break-words\"><strong>Membre actif avec acc\u00e8s \u00e0 la piscine<\/strong><\/li>\n<li class=\"whitespace-normal break-words\"><strong>Membre actif avec d&#8217;autres int\u00e9r\u00eats<\/strong><\/li>\n<li class=\"whitespace-normal break-words\"><strong>Membre passif<\/strong><\/li>\n<\/ul>\n<\/li>\n<\/ol>\n<h2 class=\"text-xl font-bold text-text-200 mt-1 -mb-0.5\">Informations Importantes<\/h2>\n<ul class=\"[&amp;:not(:last-child)_ul]:pb-1 [&amp;:not(:last-child)_ol]:pb-1 list-disc space-y-1.5 pl-7\">\n<li class=\"whitespace-normal break-words\"><strong>Cotisation<\/strong>: Conform\u00e9ment aux statuts \u00e9tablis lors de la derni\u00e8re Assembl\u00e9e G\u00e9n\u00e9rale, la cotisation est pr\u00e9lev\u00e9e par m\u00e9nage. Nous vous fournirons volontiers des informations sur les tarifs actuels par email.<\/li>\n<li class=\"whitespace-normal break-words\"><strong>Pour l&#8217;acc\u00e8s \u00e0 la piscine<\/strong>: Veuillez soumettre le formulaire sign\u00e9 de d\u00e9charge de responsabilit\u00e9 avec votre demande d&#8217;adh\u00e9sion.<\/li>\n<\/ul>\n<h2 class=\"text-xl font-bold text-text-200 mt-1 -mb-0.5\">Documents \u00e0 T\u00e9l\u00e9charger<\/h2>\n<ul class=\"[&amp;:not(:last-child)_ul]:pb-1 [&amp;:not(:last-child)_ol]:pb-1 list-disc space-y-1.5 pl-7\">\n<li class=\"whitespace-normal break-words\">D\u00e9charge de responsabilit\u00e9 (<a href=\"https:\/\/www.nv-sesselacker.ch\/wp-content\/uploads\/2025\/04\/Haftungsausschluss_NVS_04_25-fr.pdf\">Clause de non-responsabilit\u00e9_04_25_fr<\/a>)<\/li>\n<li class=\"whitespace-normal break-words\">R\u00e8glement de la piscine (<a href=\"https:\/\/www.nv-sesselacker.ch\/wp-content\/uploads\/2024\/05\/FR_Schwimmhallenordnung_NVS_03_24-fr.pdf\">R\u00e8glement de la piscine_NVS_03_24 fr<\/a>)<\/li>\n<\/ul>\n<p class=\"whitespace-pre-wrap break-words\">Si vous avez des questions concernant l&#8217;adh\u00e9sion, nous nous ferons un plaisir de vous aider. Nous nous r\u00e9jouissons de vous accueillir dans notre Association de Voisinage!<\/p>\n<p>&nbsp;<\/p>\n<p>&nbsp;<\/p>\n","protected":false},"excerpt":{"rendered":"<p>Prise de Contact Pour toute question, suggestion ou demande d&#8217;adh\u00e9sion, vous pouvez nous joindre \u00e0: Email: info(\u00e4t)nv-sesselacker.ch Demande d&#8217;Adh\u00e9sion Nous accueillons volontiers de nouveaux membres! Pour rejoindre l&#8217;Association de Voisinage Sesselacker, veuillez envoyer un email avec les informations suivantes \u00e0 l&#8217;adresse ci-dessus: Nom complet et coordonn\u00e9es Type d&#8217;adh\u00e9sion souhait\u00e9: Membre actif avec acc\u00e8s \u00e0 la [&hellip;]<\/p>\n","protected":false},"author":1,"featured_media":0,"parent":0,"menu_order":0,"comment_status":"closed","ping_status":"closed","template":"","meta":{"footnotes":""},"class_list":["post-8","page","type-page","status-publish","hentry"],"translation":{"provider":"WPGlobus","version":"3.0.2","language":"fr","enabled_languages":["de","en","fr"],"languages":{"de":{"title":true,"content":true,"excerpt":false},"en":{"title":true,"content":true,"excerpt":false},"fr":{"title":true,"content":true,"excerpt":false}}},"_links":{"self":[{"href":"https:\/\/www.nv-sesselacker.ch\/fr\/wp-json\/wp\/v2\/pages\/8","targetHints":{"allow":["GET"]}}],"collection":[{"href":"https:\/\/www.nv-sesselacker.ch\/fr\/wp-json\/wp\/v2\/pages"}],"about":[{"href":"https:\/\/www.nv-sesselacker.ch\/fr\/wp-json\/wp\/v2\/types\/page"}],"author":[{"embeddable":true,"href":"https:\/\/www.nv-sesselacker.ch\/fr\/wp-json\/wp\/v2\/users\/1"}],"replies":[{"embeddable":true,"href":"https:\/\/www.nv-sesselacker.ch\/fr\/wp-json\/wp\/v2\/comments?post=8"}],"version-history":[{"count":9,"href":"https:\/\/www.nv-sesselacker.ch\/fr\/wp-json\/wp\/v2\/pages\/8\/revisions"}],"predecessor-version":[{"id":2051,"href":"https:\/\/www.nv-sesselacker.ch\/fr\/wp-json\/wp\/v2\/pages\/8\/revisions\/2051"}],"wp:attachment":[{"href":"https:\/\/www.nv-sesselacker.ch\/fr\/wp-json\/wp\/v2\/media?parent=8"}],"curies":[{"name":"wp","href":"https:\/\/api.w.org\/{rel}","templated":true}]}}