{"id":85,"date":"2021-06-28T13:12:30","date_gmt":"2021-06-28T13:12:30","guid":{"rendered":"https:\/\/www.nv-sesselacker.ch\/?page_id=85"},"modified":"2025-06-26T10:56:32","modified_gmt":"2025-06-26T10:56:32","slug":"vorstand","status":"publish","type":"page","link":"https:\/\/www.nv-sesselacker.ch\/fr\/vorstand\/","title":{"rendered":"Notre Comit\u00e9"},"content":{"rendered":"<p class=\"whitespace-pre-wrap break-words\">Le comit\u00e9 de l&#8217;Association de Voisinage Sesselacker est compos\u00e9 de voisines et voisins engag\u00e9s qui se d\u00e9vouent b\u00e9n\u00e9volement pour les int\u00e9r\u00eats de notre communaut\u00e9.<\/p>\n<h2 class=\"text-xl font-bold text-text-200 mt-1 -mb-0.5\">Membres du Comit\u00e9<\/h2>\n<p class=\"whitespace-pre-wrap break-words\"><strong>Direction de l&#8217;Association:<\/strong><\/p>\n<ul class=\"[&amp;:not(:last-child)_ul]:pb-1 [&amp;:not(:last-child)_ol]:pb-1 list-disc space-y-1.5 pl-7\">\n<li class=\"whitespace-normal break-words\"><strong>Monika Simon<\/strong> \u2014 Co-Pr\u00e9sidente<\/li>\n<li class=\"whitespace-normal break-words\"><strong>Kaspar Schmid<\/strong> \u2014 Co-Pr\u00e9sident<\/li>\n<\/ul>\n<p class=\"whitespace-pre-wrap break-words\"><strong>Finances:<\/strong><\/p>\n<ul class=\"[&amp;:not(:last-child)_ul]:pb-1 [&amp;:not(:last-child)_ol]:pb-1 list-disc space-y-1.5 pl-7\">\n<li class=\"whitespace-normal break-words\"><strong>Ruth Megert<\/strong> et <strong>Bettina Flach<\/strong> \u2014 Tr\u00e9sori\u00e8res (Responsabilit\u00e9 partag\u00e9e)<\/li>\n<\/ul>\n<p class=\"whitespace-pre-wrap break-words\"><strong>Autres Membres du Conseil:<\/strong><\/p>\n<ul class=\"[&amp;:not(:last-child)_ul]:pb-1 [&amp;:not(:last-child)_ol]:pb-1 list-disc space-y-1.5 pl-7\">\n<li class=\"whitespace-normal break-words\"><strong>Nadine Gr\u00fcninger<\/strong><\/li>\n<li class=\"whitespace-normal break-words\"><strong>Michael Simon<\/strong><\/li>\n<\/ul>\n<h2 class=\"text-xl font-bold text-text-200 mt-1 -mb-0.5\">Rejoignez-nous!<\/h2>\n<p class=\"whitespace-pre-wrap break-words\">\u00cates-vous int\u00e9ress\u00e9(e) \u00e0 vous engager au sein du conseil et \u00e0 participer activement \u00e0 fa\u00e7onner notre voisinage? Nous accueillons volontiers de nouvelles id\u00e9es et un soutien \u00e9nergique!<\/p>\n<p class=\"whitespace-pre-wrap break-words\"><strong>Contact: info(at)nv-sesselacker.ch<\/strong><\/p>\n<p class=\"whitespace-pre-wrap break-words\"><em>Le conseil se r\u00e9unit r\u00e9guli\u00e8rement pour discuter des sujets d&#8217;actualit\u00e9 et planifier des activit\u00e9s. Vos suggestions sont toujours les bienvenues.<\/em><\/p>\n<p>&nbsp;<\/p>\n<p>&nbsp;<\/p>\n","protected":false},"excerpt":{"rendered":"<p>Le comit\u00e9 de l&#8217;Association de Voisinage Sesselacker est compos\u00e9 de voisines et voisins engag\u00e9s qui se d\u00e9vouent b\u00e9n\u00e9volement pour les int\u00e9r\u00eats de notre communaut\u00e9. Membres du Comit\u00e9 Direction de l&#8217;Association: Monika Simon \u2014 Co-Pr\u00e9sidente Kaspar Schmid \u2014 Co-Pr\u00e9sident Finances: Ruth Megert et Bettina Flach \u2014 Tr\u00e9sori\u00e8res (Responsabilit\u00e9 partag\u00e9e) Autres Membres du Conseil: Nadine Gr\u00fcninger Michael [&hellip;]<\/p>\n","protected":false},"author":1,"featured_media":0,"parent":0,"menu_order":0,"comment_status":"closed","ping_status":"closed","template":"","meta":{"footnotes":""},"class_list":["post-85","page","type-page","status-publish","hentry"],"translation":{"provider":"WPGlobus","version":"3.0.2","language":"fr","enabled_languages":["de","en","fr"],"languages":{"de":{"title":true,"content":true,"excerpt":false},"en":{"title":true,"content":true,"excerpt":false},"fr":{"title":true,"content":true,"excerpt":false}}},"_links":{"self":[{"href":"https:\/\/www.nv-sesselacker.ch\/fr\/wp-json\/wp\/v2\/pages\/85","targetHints":{"allow":["GET"]}}],"collection":[{"href":"https:\/\/www.nv-sesselacker.ch\/fr\/wp-json\/wp\/v2\/pages"}],"about":[{"href":"https:\/\/www.nv-sesselacker.ch\/fr\/wp-json\/wp\/v2\/types\/page"}],"author":[{"embeddable":true,"href":"https:\/\/www.nv-sesselacker.ch\/fr\/wp-json\/wp\/v2\/users\/1"}],"replies":[{"embeddable":true,"href":"https:\/\/www.nv-sesselacker.ch\/fr\/wp-json\/wp\/v2\/comments?post=85"}],"version-history":[{"count":8,"href":"https:\/\/www.nv-sesselacker.ch\/fr\/wp-json\/wp\/v2\/pages\/85\/revisions"}],"predecessor-version":[{"id":2274,"href":"https:\/\/www.nv-sesselacker.ch\/fr\/wp-json\/wp\/v2\/pages\/85\/revisions\/2274"}],"wp:attachment":[{"href":"https:\/\/www.nv-sesselacker.ch\/fr\/wp-json\/wp\/v2\/media?parent=85"}],"curies":[{"name":"wp","href":"https:\/\/api.w.org\/{rel}","templated":true}]}}